{"id":42,"date":"2023-02-24T18:38:47","date_gmt":"2023-02-24T18:38:47","guid":{"rendered":"https:\/\/blogs.adosclicks.net\/coders\/?page_id=42"},"modified":"2023-02-24T19:42:45","modified_gmt":"2023-02-24T19:42:45","slug":"recursos-para-aprender-a-programar","status":"publish","type":"page","link":"https:\/\/blogs.adosclicks.net\/coders\/recursos-para-aprender-a-programar\/","title":{"rendered":"Recursos para aprender a programar"},"content":{"rendered":"<p>Portales para iniciarse en la programaci\u00f3n (\u00abtodos los p\u00fablicos\u00bb):<\/p>\n<ul>\n<li><a href=\"https:\/\/code.org\/\" target=\"_blank\" rel=\"noopener\">code.org<\/a>\n<ul>\n<li><a href=\"https:\/\/hourofcode.com\/es\" target=\"_blank\" rel=\"noopener\">La hora de c\u00f3digo<\/a><\/li>\n<\/ul>\n<\/li>\n<li><a href=\"https:\/\/code.intef.es\/\" target=\"_blank\" rel=\"noopener\">CodeINTEF<\/a><\/li>\n<li><a href=\"https:\/\/csfirst.withgoogle.com\/s\/es\/home\" target=\"_blank\" rel=\"noopener\">CS First<\/a><\/li>\n<\/ul>\n<p>Herramientas de aprendizaje de programaci\u00f3n basadas en bloques:<\/p>\n<ul>\n<li><a href=\"https:\/\/scratch.mit.edu\/\" target=\"_blank\" rel=\"noopener\">Scratch<\/a>\n<ul>\n<li><a href=\"https:\/\/www.en.scratch-wiki.info\/wiki\/Scratch_Source_Code\" target=\"_blank\" rel=\"noopener\">C\u00f3digo fuente<\/a><\/li>\n<\/ul>\n<\/li>\n<li><a href=\"https:\/\/appinventor.mit.edu\/\" target=\"_blank\" rel=\"noopener\">MIT App Inventor<\/a>\n<ul>\n<li><a href=\"https:\/\/mit-cml.github.io\/appinventor-sources\/\" target=\"_blank\" rel=\"noopener\">C\u00f3digo fuente<\/a><\/li>\n<\/ul>\n<\/li>\n<li><a href=\"https:\/\/www.alice.org\/\" target=\"_blank\" rel=\"noopener\">Alice<\/a>\n<ul>\n<li><a href=\"https:\/\/github.com\/TheAliceProject\/alice3\" target=\"_blank\" rel=\"noopener\">C\u00f3digo fuente<\/a><\/li>\n<\/ul>\n<\/li>\n<\/ul>\n<p>Herramientas basadas en texto:<\/p>\n<ul>\n<li><a href=\"https:\/\/processing.org\/\" target=\"_blank\" rel=\"noopener\">Processing<\/a>\n<ul>\n<li><a href=\"https:\/\/github.com\/processing\/processing\" target=\"_blank\" rel=\"noopener\">C\u00f3digo fuente<\/a><\/li>\n<\/ul>\n<\/li>\n<li><a href=\"https:\/\/squeak.org\/\" target=\"_blank\" rel=\"noopener\">Squeak<\/a>\n<ul>\n<li><a href=\"https:\/\/files.squeak.org\/trunk\/\" target=\"_blank\" rel=\"noopener\">C\u00f3digo fuente<\/a><\/li>\n<\/ul>\n<\/li>\n<li><a href=\"https:\/\/www.blender.org\/\" target=\"_blank\" rel=\"noopener\">Blender<\/a>\n<ul>\n<li><a href=\"https:\/\/builder.blender.org\/download\/daily\/\" target=\"_blank\" rel=\"noopener\">C\u00f3digo fuente<\/a><\/li>\n<\/ul>\n<\/li>\n<\/ul>\n<p>Otras herramientas interesantes:<\/p>\n<ul>\n<li><a href=\"https:\/\/twinery.org\/\" target=\"_blank\" rel=\"noopener\">Twine<\/a>\n<ul>\n<li><a href=\"https:\/\/github.com\/klembot\/twinejs\" target=\"_blank\" rel=\"noopener\">C\u00f3digo fuente<\/a><\/li>\n<\/ul>\n<\/li>\n<li><a href=\"https:\/\/www.wickeditor.com\/#\/\" target=\"_blank\" rel=\"noopener\">Wick Editor <\/a>\n<ul>\n<li><a href=\"https:\/\/github.com\/Wicklets\/wick-editor\" target=\"_blank\" rel=\"noopener\">C\u00f3digo fuente<\/a><\/li>\n<\/ul>\n<\/li>\n<\/ul>\n<p>Para aprender m\u00e1s:<\/p>\n<ul>\n<li><a href=\"https:\/\/en.wikipedia.org\/wiki\/List_of_open-source_programming_languages\" target=\"_blank\" rel=\"noopener\">Lenguajes de programaci\u00f3n de c\u00f3digo abierto<\/a><\/li>\n<\/ul>\n<p>Herramientas comerciales (\u00abgame engines\u00bb):<\/p>\n<ul>\n<li><a href=\"https:\/\/gamemaker.io\/es\" target=\"_blank\" rel=\"noopener\">GameMaker<\/a><\/li>\n<li><a href=\"https:\/\/gamesalad.com\/\" target=\"_blank\" rel=\"noopener\">GameSalad<\/a><\/li>\n<li><a href=\"https:\/\/www.rpgmakerweb.com\/\" target=\"_blank\" rel=\"noopener\">RPGMaker<\/a><\/li>\n<\/ul>\n<p>Herramientas profesionales \/ comerciales 3D:<\/p>\n<ul>\n<li><a href=\"https:\/\/www.cryengine.com\/\" target=\"_blank\" rel=\"noopener\">CryEngine<\/a><\/li>\n<li><a href=\"https:\/\/unity.com\/\" target=\"_blank\" rel=\"noopener\">Unity<\/a><\/li>\n<li><a href=\"https:\/\/www.unrealengine.com\/es-ES\" target=\"_blank\" rel=\"noopener\">Unreal Engine<\/a><\/li>\n<\/ul>\n<p>Art\u00edculos interesantes (en ingl\u00e9s):<\/p>\n<ul>\n<li><a href=\"https:\/\/techbootcamps.utexas.edu\/blog\/why-kids-should-learn-to-code\/\" target=\"_blank\" rel=\"noopener\">7 Reasons Why Kids Should Learn To Code<\/a><\/li>\n<li><a href=\"https:\/\/www.lifewire.com\/kids-programming-languages-4125938\" target=\"_blank\" rel=\"noopener\">7 Programming Languages To Teach Kids How To Code<\/a><\/li>\n<li><a href=\"https:\/\/www.hongkiat.com\/blog\/programming-tools-kids\/\" target=\"_blank\" rel=\"noopener\">10 Tools To Teach Kids Basics Of Programming<\/a><\/li>\n<\/ul>\n","protected":false},"excerpt":{"rendered":"<p>Portales para iniciarse en la programaci\u00f3n (\u00abtodos los p\u00fablicos\u00bb): code.org La hora de c\u00f3digo CodeINTEF CS First Herramientas de aprendizaje de programaci\u00f3n basadas en bloques: Scratch C\u00f3digo fuente MIT App Inventor C\u00f3digo fuente Alice C\u00f3digo fuente Herramientas basadas en texto:<\/p>\n","protected":false},"author":25,"featured_media":0,"parent":0,"menu_order":0,"comment_status":"closed","ping_status":"closed","template":"","meta":{"footnotes":""},"class_list":["post-42","page","type-page","status-publish","hentry"],"_links":{"self":[{"href":"https:\/\/blogs.adosclicks.net\/coders\/wp-json\/wp\/v2\/pages\/42","targetHints":{"allow":["GET"]}}],"collection":[{"href":"https:\/\/blogs.adosclicks.net\/coders\/wp-json\/wp\/v2\/pages"}],"about":[{"href":"https:\/\/blogs.adosclicks.net\/coders\/wp-json\/wp\/v2\/types\/page"}],"author":[{"embeddable":true,"href":"https:\/\/blogs.adosclicks.net\/coders\/wp-json\/wp\/v2\/users\/25"}],"replies":[{"embeddable":true,"href":"https:\/\/blogs.adosclicks.net\/coders\/wp-json\/wp\/v2\/comments?post=42"}],"version-history":[{"count":19,"href":"https:\/\/blogs.adosclicks.net\/coders\/wp-json\/wp\/v2\/pages\/42\/revisions"}],"predecessor-version":[{"id":65,"href":"https:\/\/blogs.adosclicks.net\/coders\/wp-json\/wp\/v2\/pages\/42\/revisions\/65"}],"wp:attachment":[{"href":"https:\/\/blogs.adosclicks.net\/coders\/wp-json\/wp\/v2\/media?parent=42"}],"curies":[{"name":"wp","href":"https:\/\/api.w.org\/{rel}","templated":true}]}}