{"id":1620,"date":"2006-11-17T20:23:38","date_gmt":"2006-11-17T20:23:38","guid":{"rendered":"http:\/\/madresypadres.wordpress.com\/?page_id=1620"},"modified":"2006-11-17T20:23:38","modified_gmt":"2006-11-17T20:23:38","slug":"info","status":"publish","type":"page","link":"https:\/\/blogs.adosclicks.net\/myp\/info\/","title":{"rendered":"Informaci\u00f3n sobre el Blog"},"content":{"rendered":"<p>Este es un blog informativo, punto de encuentro y de puesta en com\u00fan entre madres y padres.<\/p>\n<p>Esperamos aportar cosas interesantes para todos y todas.<\/p>\n<p>IMPORTANTE: Los comentarios a los art\u00edculos del Blog est\u00e1n <strong>moderados<\/strong>. Cualquier persona puede publicar sus comentarios, pero \u00e9stos <strong>ser\u00e1n previamente revisados<\/strong>. No se permitir\u00e1n comentarios que falten al respeto a personas o instituciones. Gracias por hacer que este blog sea \u00fatil para todos y todas.<\/p>\n","protected":false},"excerpt":{"rendered":"<p>Este es un blog informativo, punto de encuentro y de puesta en com\u00fan entre madres y padres. Esperamos aportar cosas interesantes para todos y todas. IMPORTANTE: Los comentarios a los art\u00edculos del Blog est\u00e1n moderados. Cualquier persona puede publicar sus<\/p>\n","protected":false},"author":24,"featured_media":0,"parent":0,"menu_order":1,"comment_status":"open","ping_status":"open","template":"","meta":{"footnotes":""},"class_list":["post-1620","page","type-page","status-publish","hentry"],"_links":{"self":[{"href":"https:\/\/blogs.adosclicks.net\/myp\/wp-json\/wp\/v2\/pages\/1620","targetHints":{"allow":["GET"]}}],"collection":[{"href":"https:\/\/blogs.adosclicks.net\/myp\/wp-json\/wp\/v2\/pages"}],"about":[{"href":"https:\/\/blogs.adosclicks.net\/myp\/wp-json\/wp\/v2\/types\/page"}],"author":[{"embeddable":true,"href":"https:\/\/blogs.adosclicks.net\/myp\/wp-json\/wp\/v2\/users\/24"}],"replies":[{"embeddable":true,"href":"https:\/\/blogs.adosclicks.net\/myp\/wp-json\/wp\/v2\/comments?post=1620"}],"version-history":[{"count":0,"href":"https:\/\/blogs.adosclicks.net\/myp\/wp-json\/wp\/v2\/pages\/1620\/revisions"}],"wp:attachment":[{"href":"https:\/\/blogs.adosclicks.net\/myp\/wp-json\/wp\/v2\/media?parent=1620"}],"curies":[{"name":"wp","href":"https:\/\/api.w.org\/{rel}","templated":true}]}}