{"id":52,"date":"2007-02-15T23:06:44","date_gmt":"2007-02-15T22:06:44","guid":{"rendered":"http:\/\/sjvalderas.wordpress.com\/__-nuestro-e-mail-__\/"},"modified":"2007-02-15T23:06:44","modified_gmt":"2007-02-15T22:06:44","slug":"mensajes","status":"publish","type":"page","link":"https:\/\/blogs.adosclicks.net\/myp\/mensajes\/","title":{"rendered":"__ Mensajes __"},"content":{"rendered":"<p>Esta p\u00e1gina es&#8230;<\/p>\n<p>&#8211; para que envi\u00e9is sugerencias<\/p>\n<p>&#8211; para que envi\u00e9is art\u00edculos<\/p>\n<p>&#8211; para que envi\u00e9is enlaces<\/p>\n<p>&#8211; para que envi\u00e9is ideas<\/p>\n<p>&#8211; para que envi\u00e9is propuestas<\/p>\n<p>&#8211; para que envi\u00e9is&#8230; lo que quer\u00e1is<\/p>\n<p>Adelante. Os esperamos.<\/p>\n<p><a title=\"e-mail\" href=\"mailto:blogsjvalderas@gmail.com\" target=\"_blank\" rel=\"noopener\"><\/a><\/p>\n","protected":false},"excerpt":{"rendered":"<p>Esta p\u00e1gina es&#8230; &#8211; para que envi\u00e9is sugerencias &#8211; para que envi\u00e9is art\u00edculos &#8211; para que envi\u00e9is enlaces &#8211; para que envi\u00e9is ideas &#8211; para que envi\u00e9is propuestas &#8211; para que envi\u00e9is&#8230; lo que quer\u00e1is Adelante. Os esperamos.<\/p>\n","protected":false},"author":24,"featured_media":0,"parent":0,"menu_order":0,"comment_status":"open","ping_status":"open","template":"","meta":{"footnotes":""},"class_list":["post-52","page","type-page","status-publish","hentry"],"_links":{"self":[{"href":"https:\/\/blogs.adosclicks.net\/myp\/wp-json\/wp\/v2\/pages\/52","targetHints":{"allow":["GET"]}}],"collection":[{"href":"https:\/\/blogs.adosclicks.net\/myp\/wp-json\/wp\/v2\/pages"}],"about":[{"href":"https:\/\/blogs.adosclicks.net\/myp\/wp-json\/wp\/v2\/types\/page"}],"author":[{"embeddable":true,"href":"https:\/\/blogs.adosclicks.net\/myp\/wp-json\/wp\/v2\/users\/24"}],"replies":[{"embeddable":true,"href":"https:\/\/blogs.adosclicks.net\/myp\/wp-json\/wp\/v2\/comments?post=52"}],"version-history":[{"count":0,"href":"https:\/\/blogs.adosclicks.net\/myp\/wp-json\/wp\/v2\/pages\/52\/revisions"}],"wp:attachment":[{"href":"https:\/\/blogs.adosclicks.net\/myp\/wp-json\/wp\/v2\/media?parent=52"}],"curies":[{"name":"wp","href":"https:\/\/api.w.org\/{rel}","templated":true}]}}