{"id":8968,"date":"2017-04-22T22:48:40","date_gmt":"2017-04-22T22:48:40","guid":{"rendered":"http:\/\/blogs.adosclicks.net\/sites\/madresypadres\/?page_id=8968"},"modified":"2017-04-22T22:48:40","modified_gmt":"2017-04-22T22:48:40","slug":"materiales-de-espanol","status":"publish","type":"page","link":"https:\/\/blogs.adosclicks.net\/myp\/materiales-de-espanol\/","title":{"rendered":"Materiales de espa\u00f1ol"},"content":{"rendered":"<p>En esta p\u00e1gina puedes encontrar sopas de letras, crucigramas y l\u00e1minas de actividades para trabajar la ortograf\u00eda. Est\u00e1n pensadas para ni\u00f1xs a partir de 7 a\u00f1os. Est\u00e1n organizadas seg\u00fan la dificultad ortogr\u00e1fica que se quiera trabajar.<\/p>\n<p>Para crear los crucigramas utilizo el generador de crucigramas de la website \u00ab<a href=\"https:\/\/worksheets.theteacherscorner.net\/make-your-own\/crossword\/lang-es\/\" target=\"_blank\" rel=\"noopener\">The Teacher&#8217;s Corner<\/a>\u00ab.<\/p>\n<p>Para hacer las sopas de letras uso el generador de sopas de letras de la website \u00ab<a href=\"http:\/\/sopadeletras.kokolikoko.com\/\" target=\"_blank\" rel=\"noopener\">Kokolikoko<\/a>\u00ab.<\/p>\n<p>Las im\u00e1genes que aparecen en las sopas de letras y en las l\u00e1minas de actividades pertenecen al portal \u00ab<a href=\"http:\/\/www.arasaac.org\/index.php\" target=\"_blank\" rel=\"noopener\">ARASAAC<\/a>\u00ab.<br \/>\n\u00ab<strong>El portal ARASAAC<\/strong> ofrece recursos gr\u00e1ficos y materiales para facilitar la comunicaci\u00f3n de aquellas personas con alg\u00fan tipo de dificultad en este \u00e1rea&#8230;\u00bb.<\/p>\n<p><strong>Palabras con \u00abb\u00bb y \u00abv\u00bb:<\/strong><\/p>\n<ul>\n<li><a href=\"http:\/\/blogs.adosclicks.net\/myp\/files\/2017\/04\/sopa_letras_b_v.jpeg\" target=\"_blank\" rel=\"noopener\">Sopa de letras 1<\/a> \/ <a href=\"http:\/\/blogs.adosclicks.net\/myp\/files\/2017\/04\/sopa_letras_b_v_1.jpeg\" target=\"_blank\" rel=\"noopener\">sopa de letras 2 <\/a><\/li>\n<li><a href=\"http:\/\/blogs.adosclicks.net\/myp\/files\/2017\/04\/crucigrama_b_v.jpeg\" target=\"_blank\" rel=\"noopener\">Crucigrama\u00a0 1<\/a> \/ <a href=\"http:\/\/blogs.adosclicks.net\/myp\/files\/2017\/04\/crucigrama_b_v_1.jpeg\" target=\"_blank\" rel=\"noopener\">crucigrama 2<\/a><\/li>\n<\/ul>\n<p>&nbsp;<\/p>\n<p><!--more--><\/p>\n<p><strong>Palabras con \u00abbr\u00bb y \u00abbl\u00bb:<\/strong><\/p>\n<ul>\n<li><a href=\"http:\/\/blogs.adosclicks.net\/myp\/files\/2017\/04\/sopa_letras_br_bl.png\" target=\"_blank\" rel=\"noopener\">Sopa de letras 1<\/a>\u00a0 \/ <a href=\"http:\/\/blogs.adosclicks.net\/myp\/files\/2017\/04\/sopa_letras_br_bl_1.png\" target=\"_blank\" rel=\"noopener\">sopa de letras 2<\/a><\/li>\n<li><a href=\"http:\/\/blogs.adosclicks.net\/myp\/files\/2017\/04\/crucigrama_br_bl.png\" target=\"_blank\" rel=\"noopener\">Crucigrama 1<\/a> \/ <a href=\"http:\/\/blogs.adosclicks.net\/myp\/files\/2017\/04\/crucigrama_br_bl_1.png\" target=\"_blank\" rel=\"noopener\">crucigrama 2\u00a0 <\/a>\/ <a href=\"http:\/\/blogs.adosclicks.net\/myp\/files\/2017\/04\/crucigrama_br_bl_2.png\" target=\"_blank\" rel=\"noopener\">crucigrama 3<\/a><\/li>\n<li><a href=\"http:\/\/blogs.adosclicks.net\/myp\/files\/2017\/04\/activ_palabras_br_bl.pdf\" target=\"_blank\" rel=\"noopener\">Actividad 1<\/a> \/ <a href=\"http:\/\/blogs.adosclicks.net\/myp\/files\/2017\/04\/activ_palabras_br_bl_1.pdf\" target=\"_blank\" rel=\"noopener\">actividad 2<\/a><\/li>\n<\/ul>\n<p><strong>Palabras con \u00abc\u00bb y \u00abz\u00bb:<\/strong><\/p>\n<ul>\n<li><a href=\"http:\/\/blogs.adosclicks.net\/myp\/files\/2017\/04\/sopa_letras_c_z.jpeg\" target=\"_blank\" rel=\"noopener\">Sopa de letras <\/a><\/li>\n<li><a href=\"http:\/\/blogs.adosclicks.net\/myp\/files\/2017\/04\/crucigrama_c_z.jpeg\" target=\"_blank\" rel=\"noopener\">Crucigrama<\/a><\/li>\n<\/ul>\n<p><span style=\"color: #000000\"><strong>Palabras con \u00abca\u00bb, \u00abco\u00bb, \u00abcu\u00bb y \u00abque\u00bb:<\/strong><\/span><\/p>\n<ul>\n<li><a href=\"http:\/\/blogs.adosclicks.net\/myp\/files\/2017\/04\/sopa_letras_ca_co_cu_que.jpeg\" target=\"_blank\" rel=\"noopener\">Sopa de letras<\/a><\/li>\n<li><a href=\"http:\/\/blogs.adosclicks.net\/myp\/files\/2017\/04\/crucigrama_ca_co_cu_que.png\" target=\"_blank\" rel=\"noopener\">Crucigrama<\/a><\/li>\n<\/ul>\n<p><span style=\"color: #000000\"><strong>Palabras con \u00abg\u00bb y \u00abj\u00bb:<\/strong><\/span><\/p>\n<ul>\n<li><a href=\"http:\/\/blogs.adosclicks.net\/myp\/files\/2017\/04\/sopa_letras_g_j.jpeg\" target=\"_blank\" rel=\"noopener\">Sopa de letras 1<\/a> \/ <a href=\"http:\/\/blogs.adosclicks.net\/myp\/files\/2017\/04\/sopa_letras_g_j_1.png\" target=\"_blank\" rel=\"noopener\">sopa de letras 2<\/a><\/li>\n<li><a href=\"http:\/\/blogs.adosclicks.net\/myp\/files\/2017\/04\/crucigrama_g_j.png\" target=\"_blank\" rel=\"noopener\">Crucigrama 1 <\/a>\/<a href=\"http:\/\/blogs.adosclicks.net\/myp\/files\/2017\/04\/crucigrama_g_j_1.png\" target=\"_blank\" rel=\"noopener\"> crucigrama 2<\/a><\/li>\n<\/ul>\n<p><span style=\"color: #000000\"><strong>Palabras con \u00abge\u00bb:<\/strong><\/span><\/p>\n<ul>\n<li><span style=\"color: #000000\"><a href=\"http:\/\/blogs.adosclicks.net\/myp\/files\/2017\/04\/sopa_letras_ge.png\" target=\"_blank\" rel=\"noopener\">Sopa de letras<\/a><\/span><\/li>\n<li><span style=\"color: #000000\"><a href=\"http:\/\/blogs.adosclicks.net\/myp\/files\/2017\/04\/crucigrama_ge.png\" target=\"_blank\" rel=\"noopener\">Crucigrama<\/a><\/span><\/li>\n<\/ul>\n<p><span style=\"color: #000000\"><strong>Palabras con \u00abgue\u00bb y \u00abge\u00bb:<\/strong><\/span><\/p>\n<ul>\n<li><span style=\"color: #000000\"><a href=\"http:\/\/blogs.adosclicks.net\/myp\/files\/2017\/04\/sopa_letras_gue_ge.png\" target=\"_blank\" rel=\"noopener\">Sopa de letras<\/a><\/span><\/li>\n<li><a href=\"http:\/\/blogs.adosclicks.net\/myp\/files\/2017\/04\/crucigrama_gue_ge.png\" target=\"_blank\" rel=\"noopener\">Crucigrama 1<\/a><\/li>\n<\/ul>\n<p><span style=\"color: #000000\"><strong>Palabras con\u00bbgui\u00bb y \u00abgi\u00bb:<\/strong><\/span><\/p>\n<ul>\n<li><a href=\"http:\/\/blogs.adosclicks.net\/myp\/files\/2017\/04\/sopa_letras_gui.png\" target=\"_blank\" rel=\"noopener\"><span style=\"color: #000000\">Sopa de letras<\/span>\u00a0 1<\/a> \/\u00a0 <a href=\"http:\/\/blogs.adosclicks.net\/myp\/files\/2017\/04\/sopa_letras_gi.png\" target=\"_blank\" rel=\"noopener\">sopa de letras 2<\/a><\/li>\n<li><span style=\"color: #000000\"><a href=\"http:\/\/blogs.adosclicks.net\/myp\/files\/2017\/04\/crucigrama_gui_gi.png\" target=\"_blank\" rel=\"noopener\">Crucigrama 1 <\/a><\/span>\/ <a href=\"http:\/\/blogs.adosclicks.net\/myp\/files\/2017\/04\/crucigrama_gui.png\" target=\"_blank\" rel=\"noopener\">crucigrama 2<\/a><\/li>\n<\/ul>\n<p><span style=\"color: #000000\"><strong>Palabras con \u00abgo\u00bb:<\/strong><\/span><\/p>\n<ul>\n<li><a href=\"http:\/\/blogs.adosclicks.net\/myp\/files\/2017\/04\/sopa_letras_go.png\" target=\"_blank\" rel=\"noopener\">Sopa de letras<\/a><\/li>\n<li><a href=\"http:\/\/blogs.adosclicks.net\/myp\/files\/2017\/04\/crucigrama_go.png\" target=\"_blank\" rel=\"noopener\">Crucigrama <\/a><\/li>\n<\/ul>\n<p><span style=\"color: #000000\"><strong>Palabras con \u00abgu\u00bb:<\/strong><\/span><\/p>\n<ul>\n<li><span style=\"color: #000000\"><a href=\"http:\/\/blogs.adosclicks.net\/myp\/files\/2017\/04\/sopa_letras_gu.png\" target=\"_blank\" rel=\"noopener\">Sopa de letras<\/a><\/span><\/li>\n<li><a href=\"http:\/\/blogs.adosclicks.net\/myp\/files\/2017\/04\/crucigrama_gu.png\" target=\"_blank\" rel=\"noopener\">Crucigrama<\/a><\/li>\n<\/ul>\n<p><strong>Palabras con \u00abh\u00bb:<\/strong><\/p>\n<ul>\n<li><a href=\"http:\/\/blogs.adosclicks.net\/myp\/files\/2017\/04\/sopa_letras_h.jpeg\" target=\"_blank\" rel=\"noopener\">Sopa de letras 1<\/a> \/ <a href=\"http:\/\/blogs.adosclicks.net\/myp\/files\/2017\/04\/sopa_letras_h_1.jpeg\" target=\"_blank\" rel=\"noopener\">sopa de letras 2 <\/a>\/ <a href=\"http:\/\/blogs.adosclicks.net\/myp\/files\/2017\/04\/sopa_letras_h_2.png\" target=\"_blank\" rel=\"noopener\">sopa de letras 3<\/a><\/li>\n<li><a href=\"http:\/\/blogs.adosclicks.net\/myp\/files\/2017\/04\/crucigrama_h.png\" target=\"_blank\" rel=\"noopener\">Crucigrama 1<\/a> \/<a href=\"http:\/\/blogs.adosclicks.net\/myp\/files\/2017\/04\/crucigrama_h_1.jpg\" target=\"_blank\" rel=\"noopener\"> crucigrama 2<\/a>\u00a0\/ <a href=\"http:\/\/blogs.adosclicks.net\/myp\/files\/2017\/04\/crucigrama_h_2.png\" target=\"_blank\" rel=\"noopener\">crucigrama 3<\/a><\/li>\n<\/ul>\n<p><strong>Palabras con \u00abja\u00bb:<\/strong><\/p>\n<ul>\n<li><a href=\"http:\/\/blogs.adosclicks.net\/myp\/files\/2017\/04\/sopa_letras_ja.jpeg\" target=\"_blank\" rel=\"noopener\">Sopa de letras<\/a><\/li>\n<li><a href=\"http:\/\/blogs.adosclicks.net\/myp\/files\/2017\/04\/crucigrama_ja.png\" target=\"_blank\" rel=\"noopener\">Crucigrama<\/a><\/li>\n<\/ul>\n<p><strong>Palabras con \u00abje\u00bb:<\/strong><\/p>\n<ul>\n<li><span style=\"color: #000000\"><a href=\"http:\/\/blogs.adosclicks.net\/myp\/files\/2017\/04\/sopa_letras_je.png\" target=\"_blank\" rel=\"noopener\">Sopa de letras<\/a><\/span><\/li>\n<li><a href=\"http:\/\/blogs.adosclicks.net\/myp\/files\/2017\/04\/crucigrama_je.png\" target=\"_blank\" rel=\"noopener\">Crucigrama<\/a><\/li>\n<\/ul>\n<p><span style=\"color: #000000\"><strong>Palabras con \u00abji\u00bb:<\/strong><\/span><\/p>\n<ul>\n<li><a href=\"http:\/\/blogs.adosclicks.net\/myp\/files\/2017\/04\/sopa_letras_ji.jpeg\" target=\"_blank\" rel=\"noopener\">Sopa de letras<\/a><\/li>\n<li><a href=\"http:\/\/blogs.adosclicks.net\/myp\/files\/2017\/04\/crucigrama_ji.png\" target=\"_blank\" rel=\"noopener\">Crucigrama<\/a><\/li>\n<\/ul>\n<p><strong>Palabras con \u00abjo\u00bb:<\/strong><\/p>\n<ul>\n<li><a href=\"http:\/\/blogs.adosclicks.net\/myp\/files\/2017\/04\/sopa_letras_jo.jpeg\" target=\"_blank\" rel=\"noopener\">Sopa de letras<\/a><\/li>\n<li><a href=\"http:\/\/blogs.adosclicks.net\/myp\/files\/2017\/04\/crucigrama_jo.png\" target=\"_blank\" rel=\"noopener\">Crucigrama<\/a><\/li>\n<\/ul>\n<p><span style=\"color: #000000\"><strong>Palabras con \u00abju\u00bb:<\/strong><\/span><\/p>\n<ul>\n<li><span style=\"color: #000000\"><a href=\"http:\/\/blogs.adosclicks.net\/myp\/files\/2017\/04\/sopa_letras_ju.jpeg\" target=\"_blank\" rel=\"noopener\">Sopa de letras<\/a><\/span><\/li>\n<li><span style=\"color: #000000\"><a href=\"http:\/\/blogs.adosclicks.net\/myp\/files\/2017\/04\/crucigrama_ju.png\" target=\"_blank\" rel=\"noopener\">Crucigrama<\/a><\/span><\/li>\n<\/ul>\n<p><span style=\"color: #000000\"><strong>Palabras con \u00abll\u00bb e \u00aby\u00bb:<\/strong><\/span><\/p>\n<ul>\n<li><a href=\"http:\/\/blogs.adosclicks.net\/myp\/files\/2017\/04\/sopa_letras_ll_y.jpeg\" target=\"_blank\" rel=\"noopener\">Sopa de letras 1<\/a> \/ <a href=\"http:\/\/blogs.adosclicks.net\/myp\/files\/2017\/04\/sopa_letras_ll_y_1.jpeg\" target=\"_blank\" rel=\"noopener\">sopa de letras 2<\/a> \/<span style=\"color: #000000\"> <a href=\"http:\/\/blogs.adosclicks.net\/myp\/files\/2017\/04\/sopa_letras_y.png\" target=\"_blank\" rel=\"noopener\">sopa de letras 3<\/a> \/ <a href=\"http:\/\/blogs.adosclicks.net\/myp\/files\/2017\/04\/sopa_letras_y_1.png\" target=\"_blank\" rel=\"noopener\">sopa de letras 4<\/a><\/span><\/li>\n<li><a href=\"http:\/\/blogs.adosclicks.net\/myp\/files\/2017\/04\/crucigrama_ll_y.png\" target=\"_blank\" rel=\"noopener\">Crucigrama 1<\/a> \/<a href=\"http:\/\/blogs.adosclicks.net\/myp\/files\/2017\/04\/crucigrama_ll_y_1.png\" target=\"_blank\" rel=\"noopener\"> crucigrama 2<\/a><\/li>\n<\/ul>\n<p><strong><span style=\"color: #000000\">Verbos con \u00abll\u00bb:<\/span><\/strong><\/p>\n<ul>\n<li><span style=\"color: #000000\"><a href=\"http:\/\/blogs.adosclicks.net\/myp\/files\/2017\/04\/sopa_letras_verbos_ll.png\" target=\"_blank\" rel=\"noopener\">Sopa de letras <\/a><\/span><\/li>\n<li><span style=\"color: #000000\"><a href=\"http:\/\/blogs.adosclicks.net\/myp\/files\/2017\/04\/crucigrama_verbos_ll.png\" target=\"_blank\" rel=\"noopener\">Crucigrama<\/a><\/span><\/li>\n<\/ul>\n<p><strong><span style=\"color: #000000\">Palabras con \u00abmb\u00bb y \u00abmp\u00bb:<\/span><\/strong><\/p>\n<ul>\n<li><span style=\"color: #000000\"><a href=\"http:\/\/blogs.adosclicks.net\/myp\/files\/2017\/04\/sopa_letras_mb_mp.png\" target=\"_blank\" rel=\"noopener\">Sopa de letras<\/a><\/span><\/li>\n<li><span style=\"color: #000000\"><a href=\"http:\/\/blogs.adosclicks.net\/myp\/files\/2017\/04\/crucigrama_mb_mp.png\" target=\"_blank\" rel=\"noopener\">Crucigrama<\/a><\/span><\/li>\n<\/ul>\n<p><strong>Palabras con \u00abnf\u00bb y \u00abnv\u00bb:<\/strong><\/p>\n<ul>\n<li><span style=\"color: #000000\"><a href=\"http:\/\/blogs.adosclicks.net\/myp\/files\/2017\/04\/sopa_letras_nf_nv.png\" target=\"_blank\" rel=\"noopener\">Sopa de letras 1<\/a> \/<a href=\"http:\/\/blogs.adosclicks.net\/myp\/files\/2017\/04\/sopa_letras_nf_nv_1.png\" target=\"_blank\" rel=\"noopener\"> sopa de letras 2<\/a><\/span><\/li>\n<li><span style=\"color: #000000\"><a href=\"http:\/\/blogs.adosclicks.net\/myp\/files\/2017\/04\/crucigrama_nf_nv.png\" target=\"_blank\" rel=\"noopener\">Crucigrama 1 <\/a><a href=\"http:\/\/blogs.adosclicks.net\/myp\/files\/2017\/04\/crucigrama_nf_nv_1.png\" target=\"_blank\" rel=\"noopener\">\/ crucigrama 2<\/a><\/span><\/li>\n<\/ul>\n<p><strong><span style=\"color: #000000\">Palabras que terminan en \u00abor\u00bb:<\/span><\/strong><\/p>\n<ul>\n<li><span style=\"color: #000000\"><a href=\"http:\/\/blogs.adosclicks.net\/myp\/files\/2017\/04\/sopa_letras_final_or.png\" target=\"_blank\" rel=\"noopener\">Sopa de letras<\/a><\/span><\/li>\n<li><span style=\"color: #000000\"><a href=\"http:\/\/blogs.adosclicks.net\/myp\/files\/2017\/04\/crucigrama_final_or.png\" target=\"_blank\" rel=\"noopener\">Crucigrama<\/a><\/span><\/li>\n<\/ul>\n<p><strong><span style=\"color: #000000\">Palabras con \u00abr\u00bb:<\/span><\/strong><\/p>\n<ul>\n<li><a href=\"http:\/\/blogs.adosclicks.net\/myp\/files\/2017\/04\/sopa_letras_r.png\" target=\"_blank\" rel=\"noopener\">Sopa de letras<\/a><\/li>\n<li><a href=\"http:\/\/blogs.adosclicks.net\/myp\/files\/2017\/04\/crucigrama_r.png\" target=\"_blank\" rel=\"noopener\">Crucigrama<\/a><\/li>\n<\/ul>\n<p><strong><span style=\"color: #000000\">Palabras con \u00abrr\u00bb:<\/span><\/strong><\/p>\n<ul>\n<li><span style=\"color: #000000\"><a href=\"http:\/\/blogs.adosclicks.net\/myp\/files\/2017\/04\/sopa_letras_rr.png\" target=\"_blank\" rel=\"noopener\">Sopa de letras<\/a><\/span><\/li>\n<li><span style=\"color: #000000\"><a href=\"http:\/\/blogs.adosclicks.net\/myp\/files\/2017\/04\/crucigrama_rr.png\" target=\"_blank\" rel=\"noopener\">Crucigrama<\/a><\/span><\/li>\n<\/ul>\n<p><strong><span style=\"color: #000000\">Palabras con \u00abs\u00bb y \u00abz\u00bb:<\/span><\/strong><\/p>\n<ul>\n<li><span style=\"color: #000000\"><a href=\"http:\/\/blogs.adosclicks.net\/myp\/files\/2017\/04\/sopa_letras_s_z.png\" target=\"_blank\" rel=\"noopener\">Sopa de letras 1<\/a> \/ <a href=\"http:\/\/blogs.adosclicks.net\/myp\/files\/2017\/04\/sopa_letras_s_z_1.png\" target=\"_blank\" rel=\"noopener\">sopa de letras 2<\/a><\/span><\/li>\n<li><a href=\"http:\/\/blogs.adosclicks.net\/myp\/files\/2017\/04\/crucigrama_s_z.png\" target=\"_blank\" rel=\"noopener\">Crucigrama 1<\/a> \/ <a href=\"http:\/\/blogs.adosclicks.net\/myp\/files\/2017\/04\/crucigrama_s_z_1.png\" target=\"_blank\" rel=\"noopener\">crucigrama 2<\/a><\/li>\n<li><a href=\"http:\/\/blogs.adosclicks.net\/myp\/files\/2017\/04\/ordenar_palabras_s_z.pdf\" target=\"_blank\" rel=\"noopener\">Actividad 1<\/a> \/ <a href=\"http:\/\/blogs.adosclicks.net\/myp\/files\/2017\/04\/ordenar_palabras_c_z.pdf\" target=\"_blank\" rel=\"noopener\">actividad 2<\/a><\/li>\n<\/ul>\n<p><strong>Palabras con \u00abv\u00bb:<\/strong><\/p>\n<ul>\n<li><span style=\"color: #000000\"><a href=\"http:\/\/blogs.adosclicks.net\/myp\/files\/2017\/04\/sopa_letras_v.jpeg\" target=\"_blank\" rel=\"noopener\">Sopa de letras 1<\/a> \/ <a href=\"http:\/\/blogs.adosclicks.net\/myp\/files\/2017\/04\/sopa_letras_v_2.png\" target=\"_blank\" rel=\"noopener\">sopa de letras 2<\/a><\/span><\/li>\n<li><span style=\"color: #000000\"><a href=\"http:\/\/blogs.adosclicks.net\/myp\/files\/2017\/04\/crucigrama_v.jpeg\" target=\"_blank\" rel=\"noopener\">Crucigrama 1 <\/a>\/ <a href=\"http:\/\/blogs.adosclicks.net\/myp\/files\/2017\/04\/crucigrama_v_1.jpeg\" target=\"_blank\" rel=\"noopener\">c<\/a><a href=\"http:\/\/blogs.adosclicks.net\/myp\/files\/2017\/04\/crucigrama_v_2.png\" target=\"_blank\" rel=\"noopener\">crucigrama 2<\/a><\/span><\/li>\n<\/ul>\n<p>&nbsp;<\/p>\n<p><strong><span style=\"color: #000000\">Palabras con \u00aby\u00bb:<\/span><\/strong><\/p>\n<ul>\n<li><a href=\"http:\/\/blogs.adosclicks.net\/myp\/files\/2017\/04\/sopa_letras_y.png\" target=\"_blank\" rel=\"noopener\">Sopa de letras 1<\/a> \/ <span style=\"color: #000000\"><a href=\"http:\/\/blogs.adosclicks.net\/myp\/files\/2017\/04\/sopa_letras_y_1.png\" target=\"_blank\" rel=\"noopener\">sopa de letras 2<\/a><\/span><\/li>\n<li><a href=\"http:\/\/blogs.adosclicks.net\/myp\/files\/2017\/04\/crucigrama_y.png\" target=\"_blank\" rel=\"noopener\">Crucigrama 1<\/a> \/ <span style=\"color: #000000\"><a href=\"http:\/\/blogs.adosclicks.net\/myp\/files\/2017\/04\/crucigrama_y_1-1.png\" target=\"_blank\" rel=\"noopener\">crucigrama 2<\/a> \/<a href=\"http:\/\/blogs.adosclicks.net\/myp\/files\/2017\/04\/crucigrama_y_2.png\" target=\"_blank\" rel=\"noopener\"> crucigrama 3<\/a><\/span><\/li>\n<\/ul>\n<p><span style=\"color: #000000\"><strong>Palabras con \u00abx\u00bb:<\/strong><\/span><\/p>\n<ul>\n<li><a href=\"\/\/blogs.adosclicks.net\/sites\/madresypadres\/files\/2017\/04\/sopa_letras_x.jpeg\" target=\"_blank\" rel=\"noopener\">Sopa de letras 1<\/a> \/ <a href=\"http:\/\/blogs.adosclicks.net\/myp\/files\/2017\/04\/sopa_letras_x_1.jpeg\" target=\"_blank\" rel=\"noopener\">sopa de letras 2 <\/a>\/ <a href=\"http:\/\/blogs.adosclicks.net\/myp\/files\/2017\/04\/sopa_letras_x_2.png\" target=\"_blank\" rel=\"noopener\">sopa de letras 3<\/a><\/li>\n<li><a href=\"http:\/\/blogs.adosclicks.net\/myp\/files\/2017\/04\/crucigrama_x.png\" target=\"_blank\" rel=\"noopener\">Crucigrama 1<\/a> \/ <a href=\"http:\/\/blogs.adosclicks.net\/myp\/files\/2017\/04\/crucigrama_x_1.png\" target=\"_blank\" rel=\"noopener\">crucigrama 2<\/a> \/ <a href=\"\/\/blogs.adosclicks.net\/sites\/madresypadres\/files\/2017\/04\/crucigra_x_2.png\" target=\"_blank\" rel=\"noopener\">crucigrama 3<\/a><\/li>\n<li><a href=\"http:\/\/blogs.adosclicks.net\/myp\/files\/2017\/04\/activ_palabras_x.pdf\" target=\"_blank\" rel=\"noopener\">Actividad 1<\/a> \/ <a href=\"http:\/\/blogs.adosclicks.net\/myp\/files\/2017\/04\/activ_palabras_x_1.pdf\" target=\"_blank\" rel=\"noopener\">actividad 2<\/a><\/li>\n<\/ul>\n<p><strong><span style=\"color: #000000\">Palabras que terminan en \u00abz\u00bb:<\/span><\/strong><\/p>\n<ul>\n<li><a href=\"http:\/\/blogs.adosclicks.net\/myp\/files\/2017\/04\/sopa_letras_final_z.png\" target=\"_blank\" rel=\"noopener\">S<\/a><span style=\"color: #000000\"><a href=\"http:\/\/blogs.adosclicks.net\/myp\/files\/2017\/04\/sopa_letras_final_z.png\" target=\"_blank\" rel=\"noopener\">opa de letras 1 <\/a>\/ <a href=\"http:\/\/blogs.adosclicks.net\/myp\/files\/2017\/04\/sopa_letras_final_z_1.png\" target=\"_blank\" rel=\"noopener\">sopa de letras 2<\/a><\/span><\/li>\n<li><span style=\"color: #000000\"><a href=\"http:\/\/blogs.adosclicks.net\/myp\/files\/2017\/04\/crucigrama_final_z.png\" target=\"_blank\" rel=\"noopener\">Crucigrama 1<\/a> \/ <a href=\"http:\/\/blogs.adosclicks.net\/myp\/files\/2017\/04\/crucigrama_final_z_1.png\" target=\"_blank\" rel=\"noopener\">crucigrama 2<\/a><\/span><\/li>\n<\/ul>\n<p>Seguiremos a\u00f1adiendo m\u00e1s actividades&#8230;<\/p>\n","protected":false},"excerpt":{"rendered":"<p>En esta p\u00e1gina puedes encontrar sopas de letras, crucigramas y l\u00e1minas de actividades para trabajar la ortograf\u00eda. Est\u00e1n pensadas para ni\u00f1xs a partir de 7 a\u00f1os. Est\u00e1n organizadas seg\u00fan la dificultad ortogr\u00e1fica que se quiera trabajar. Para crear los crucigramas<\/p>\n","protected":false},"author":24,"featured_media":0,"parent":0,"menu_order":0,"comment_status":"closed","ping_status":"closed","template":"","meta":{"footnotes":""},"class_list":["post-8968","page","type-page","status-publish","hentry"],"_links":{"self":[{"href":"https:\/\/blogs.adosclicks.net\/myp\/wp-json\/wp\/v2\/pages\/8968","targetHints":{"allow":["GET"]}}],"collection":[{"href":"https:\/\/blogs.adosclicks.net\/myp\/wp-json\/wp\/v2\/pages"}],"about":[{"href":"https:\/\/blogs.adosclicks.net\/myp\/wp-json\/wp\/v2\/types\/page"}],"author":[{"embeddable":true,"href":"https:\/\/blogs.adosclicks.net\/myp\/wp-json\/wp\/v2\/users\/24"}],"replies":[{"embeddable":true,"href":"https:\/\/blogs.adosclicks.net\/myp\/wp-json\/wp\/v2\/comments?post=8968"}],"version-history":[{"count":0,"href":"https:\/\/blogs.adosclicks.net\/myp\/wp-json\/wp\/v2\/pages\/8968\/revisions"}],"wp:attachment":[{"href":"https:\/\/blogs.adosclicks.net\/myp\/wp-json\/wp\/v2\/media?parent=8968"}],"curies":[{"name":"wp","href":"https:\/\/api.w.org\/{rel}","templated":true}]}}