{"id":306,"date":"2017-04-15T18:51:37","date_gmt":"2017-04-16T00:51:37","guid":{"rendered":"http:\/\/blogs.adosclicks.net\/rafaelalba\/?page_id=306"},"modified":"2017-06-19T15:21:06","modified_gmt":"2017-06-19T21:21:06","slug":"my-shared-resources","status":"publish","type":"page","link":"https:\/\/blogs.adosclicks.net\/rafaelalba\/my-shared-resources\/","title":{"rendered":"My shared resources"},"content":{"rendered":"<h2><strong>Presentations:<\/strong><\/h2>\n<p>BLENDed Learning Summit. Austin ISD. May 2017.<br \/>\n<a href=\"https:\/\/docs.google.com\/presentation\/d\/1_Ge6I9U2dbwY0GIVpAloCoZ2XSzjfi0-wWNksulSpNA\/present#slide=id.p\" target=\"_blank\" rel=\"noopener\">Why coding is a must-have skill in Elementary Classrooms.<\/a><br \/>\n<a href=\"https:\/\/docs.google.com\/presentation\/d\/1nDuyeu1wN8-412gesh6YlDpUkkLV63CeGasdY3oOia0\/present#slide=id.p\" target=\"_blank\" rel=\"noopener\">Digital Citizenship in a Dual Language Classroom. Developing responsible and autonomous learners.<\/a><\/p>\n<p>\u00a1Adelante! Conference. AAABE. April 2017.<br \/>\n<a href=\"http:\/\/blogs.adosclicks.net\/rafaelalba\/2017\/04\/22\/technology-and-coding-in-a-dual-language-classroom-adelante17\/\">Developing 21st Century skills in Elementary Schools.<\/a><br \/>\n<a href=\"http:\/\/blogs.adosclicks.net\/rafaelalba\/2017\/04\/22\/technology-and-coding-in-a-dual-language-classroom-adelante17\/\"> Technology and coding in a dual language classroom.<\/a><\/p>\n<p>Tech Tools for tomorrow and the next day. SHRC, Austin ISD. January 2017.<br \/>\n<a href=\"http:\/\/blogs.adosclicks.net\/rafaelalba\/2017\/01\/21\/hmh-thinkcentral-math-and-science-textbooks-online\/\" target=\"_blank\" rel=\"noopener\">HMH ThinkCentral: Math and Science Textbooks&#8230; ONLINE!<\/a><\/p>\n<p>Summer Science Institute Austin ISD. August 2015.<br \/>\n<a href=\"http:\/\/j.mp\/SSI2015Collaborate\" target=\"_blank\" rel=\"noopener\">Collaborative work using 2.0 tools.<\/a><br \/>\n<a href=\"http:\/\/j.mp\/SSI2015Flip\" target=\"_blank\" rel=\"noopener\">Flip your Science class.<\/a><\/p>\n<p>Feria para aprender. Austin ISD. February 2015.<br \/>\n<a href=\"http:\/\/bit.ly\/AlbaFPA2015\" target=\"_blank\" rel=\"noopener\">Multiple Uses of Technology in a 2nd grade, DL classroom<\/a><\/p>\n<h2><strong>Resources:<\/strong><\/h2>\n<p><a href=\"http:\/\/blogs.adosclicks.net\/rafaelalba\/2016\/11\/19\/its-not-about-the-tool-its-about-the-project-however-the-tool-counts-too\/\" target=\"_blank\" rel=\"noopener\">Elementary Science: Integrating Tech in the Arc of Lesson<\/a><\/p>\n<p><a href=\"http:\/\/play.adosclicks.net\/\" target=\"_blank\" rel=\"noopener\">&#8220;Mobile&#8221; APPs for different areas<\/a><\/p>\n<h2><strong>Articles and Publications (in Spanish)<\/strong><\/h2>\n<p><a href=\"https:\/\/drive.google.com\/file\/d\/0BzonyLYdaDOFdlpqUnNmb1p5bkE\/view?usp=sharing\" target=\"_blank\" rel=\"noopener\">VirtuaMag Legan\u00e9s, la revista virtual (1998)<\/a><br \/>\n[VirtuaMag Leganes, the virtual magazine]<\/p>\n<p><a href=\"https:\/\/drive.google.com\/file\/d\/0BzonyLYdaDOFWXl2Y2YyNEhBckE\/view\" target=\"_blank\" rel=\"noopener\">Arrancar el sistema desde un pendrive (usb flash disk) con Knoppix Linux (2006)<br \/>\n<\/a>[Boot your system from an usb flash disk pendrive with Knoppix Linux]<\/p>\n<p><a href=\"https:\/\/drive.google.com\/file\/d\/0BzonyLYdaDOFSHRrcXZ3eW1Kdmc\/view?usp=sharing\" target=\"_blank\" rel=\"noopener\">Monogr\u00e1fico: Gesti\u00f3n de la Intranet del Centro (2007)<br \/>\n<\/a>[How to manage the school Intranet]<\/p>\n<p><a href=\"https:\/\/drive.google.com\/file\/d\/0BzonyLYdaDOFMmMxYXMzMUZLSjQ\/view?usp=sharing\" target=\"_blank\" rel=\"noopener\">Aprender a programar&#8230; \u00bfdesde peque\u00f1os? (2008)<br \/>\n<\/a>[Learning how to code&#8230; from early childhood]<\/p>\n<p><a href=\"https:\/\/drive.google.com\/file\/d\/0BzonyLYdaDOFdkhOcXhrV25pWUU\/view?usp=sharing\" target=\"_blank\" rel=\"noopener\">Dise\u00f1o de presentaciones y Recursos en l\u00ednea (2008)<br \/>\n<\/a>[How to design presentations and online resources]<\/p>\n<p><a href=\"https:\/\/drive.google.com\/file\/d\/0BzonyLYdaDOFaF9TZFNpbXRXZGc\/view?usp=sharing\" target=\"_blank\" rel=\"noopener\">Inici\u00e1ndose en la programaci\u00f3n con Scratch (2008)<br \/>\n<\/a>[Learning how to code with Scratch]<\/p>\n<p><a href=\"https:\/\/drive.google.com\/open?id=0BzonyLYdaDOFclQ2bXVUVUJIaEk\" target=\"_blank\" rel=\"noopener\">Tecnolog\u00eda y ense\u00f1anza de las lenguas: 101 herramientas que trabajan para nosotros entre clase y clase (2008)<br \/>\n<\/a>[Technology and language learning: 101 tools that work for you between lessons]<\/p>\n<p><a href=\"https:\/\/drive.google.com\/file\/d\/0BzonyLYdaDOFYlVFa09kWk9qUWM\/view?usp=sharing\" target=\"_blank\" rel=\"noopener\">Recursos en l\u00ednea para la ense\u00f1anza del espa\u00f1ol como lengua extranjera (Edici\u00f3n 2012)<br \/>\n<\/a>[Online resources for the teaching of Spanish as a foreign language]<\/p>\n<p><a href=\"https:\/\/drive.google.com\/file\/d\/0BzonyLYdaDOFSG5OSXp4bDk1djA\/view?usp=sharing\" target=\"_blank\" rel=\"noopener\">Textos para las Secciones Espa\u00f1olas en Italia (2012)<br \/>\n<\/a>[Selection of passages for the Spanish Bilingual Sections in Italy]<\/p>\n","protected":false},"excerpt":{"rendered":"<p>Presentations: BLENDed Learning Summit. Austin ISD. May 2017. Why coding is a must-have skill in Elementary Classrooms. Digital Citizenship in a Dual Language Classroom. Developing responsible and autonomous learners. \u00a1Adelante! Conference. AAABE. April 2017. Developing 21st Century skills in Elementary&hellip;<\/p>\n<p class=\"more-link-p\"><a class=\"more-link\" href=\"https:\/\/blogs.adosclicks.net\/rafaelalba\/my-shared-resources\/\">Read more &rarr;<\/a><\/p>\n","protected":false},"author":22,"featured_media":0,"parent":0,"menu_order":0,"comment_status":"closed","ping_status":"closed","template":"","meta":{"footnotes":""},"class_list":["post-306","page","type-page","status-publish","hentry"],"_links":{"self":[{"href":"https:\/\/blogs.adosclicks.net\/rafaelalba\/wp-json\/wp\/v2\/pages\/306","targetHints":{"allow":["GET"]}}],"collection":[{"href":"https:\/\/blogs.adosclicks.net\/rafaelalba\/wp-json\/wp\/v2\/pages"}],"about":[{"href":"https:\/\/blogs.adosclicks.net\/rafaelalba\/wp-json\/wp\/v2\/types\/page"}],"author":[{"embeddable":true,"href":"https:\/\/blogs.adosclicks.net\/rafaelalba\/wp-json\/wp\/v2\/users\/22"}],"replies":[{"embeddable":true,"href":"https:\/\/blogs.adosclicks.net\/rafaelalba\/wp-json\/wp\/v2\/comments?post=306"}],"version-history":[{"count":14,"href":"https:\/\/blogs.adosclicks.net\/rafaelalba\/wp-json\/wp\/v2\/pages\/306\/revisions"}],"predecessor-version":[{"id":561,"href":"https:\/\/blogs.adosclicks.net\/rafaelalba\/wp-json\/wp\/v2\/pages\/306\/revisions\/561"}],"wp:attachment":[{"href":"https:\/\/blogs.adosclicks.net\/rafaelalba\/wp-json\/wp\/v2\/media?parent=306"}],"curies":[{"name":"wp","href":"https:\/\/api.w.org\/{rel}","templated":true}]}}